{"id":22784,"date":"2023-01-13T20:14:45","date_gmt":"2023-01-13T20:14:45","guid":{"rendered":"https:\/\/rarerockdvds.com\/store\/?post_type=product&#038;p=22784"},"modified":"2025-12-18T13:18:52","modified_gmt":"2025-12-18T13:18:52","slug":"jeff-beck-smart-financial-2018-dvd","status":"publish","type":"product","link":"https:\/\/rarerockdvds.com\/store\/product\/jeff-beck-smart-financial-2018-dvd\/","title":{"rendered":"Jeff Beck &#8211; Smart Financial 2018 DVD"},"content":{"rendered":"<p><img decoding=\"async\" src=\"https:\/\/rarerockdvds.com\/store\/wp-content\/uploads\/2023\/01\/DVD-Cover-Low-Resolution-Cut-Frame-313x211.jpg\" alt=\"Jeff Beck \u2013 Smart Financial 2018 DVD\" title=\"\"><\/p>\n<p><strong>Jeff Beck &#8211; Smart Financial 2018 DVD<\/strong><\/p>\n<p>**Welcome to\u00a0<strong>RareRock Dvds<\/strong>\u00a0\u2013 Your Ultimate Destination for Rock &amp; Metal Music!**<\/p>\n<p>At RareRock Dvds, we live and breathe everything Music<\/p>\n<p>JEFF BECK 2018-07-24 Smart Financial Centre sugarland TX Stars Align Tour 2018<\/p>\n<p>On tour with Paul Rodgers &amp; Ann Wilson.<br \/>\nJeff Beck &#8211; Lead Guitar<br \/>\nJimmy Hall &#8211; Vocals<br \/>\nRhonda Smith &#8211; Bass (Prince, Chaka Khan, Beyonc\u00e9, George Clinton)<br \/>\nVinnie Colaiuta -drums (Frank Zappa, Sting, Herbie Hancock),<br \/>\nVanessa Freebairn-Smith (cello)<\/p>\n<p><strong>Setlist:<\/strong><\/p>\n<p>01 &#8211; Pull It<br \/>\n02 &#8211; Stratus (Billy Cobham)<br \/>\n03 &#8211; Nadia (Nitin Sawhney)<br \/>\n04 &#8211; You Know You Know (Mahavishnu Orchestra)<br \/>\n05 &#8211; Morning Dew (snippet)(Bonnie Dobson)<br \/>\n06 &#8211; Lonnie on the Move (Lonnie Mack)<br \/>\n07 &#8211; Mn\u00e1 na h\u00e9ireann (Ceolt\u00f3ir\u00ed Chualann)<br \/>\n08 &#8211; Just for Fun<br \/>\n09 &#8211; Little Wing (Jimi Hendrix Experience)<br \/>\n10 &#8211; Big Block<br \/>\n11 &#8211; Cause We&#8217;ve Ended as Lovers (Syreeta)<br \/>\n12 &#8211; Brush With the Blues<br \/>\n13 &#8211; Superstition (Stevie Wonder)<br \/>\n14 &#8211; A Day in the Life \/Band intros ( Beatles)<br \/>\n<strong>Encore:<\/strong><br \/>\n15 &#8211; Jeff solo<br \/>\n16 &#8211; Corpus Christi Carol (Benjamin Britten)<br \/>\n17 &#8211; Going Down (The Alabama State Troupers)<\/p>\n<p>Total Time: 00:58:25<\/p>\n<p><strong>DVD Info:<\/strong><br \/>\nMenu: Yes\u00a0 Chapters (SongSelect): Yes<br \/>\nSoundMenu: Yes<br \/>\nAudioSetup: Yes<br \/>\nVideo: NTSC\/16:9 Widescreen<br \/>\nAudio: LPCM\/1536 Kbps\/2 Ch<\/p>\n<p><span style=\"color: #ff0000;\"><strong>Unofficial Release<\/strong><\/span><\/p>\n<p>* Product made by fan. In this shop there is no piracy. Everything commercialized here does not exist in the official market.<\/p>\n<p><strong>NOTE<\/strong>: This region-free<strong> DVD-R<\/strong> is in NTSC or PAL format and will play on most PS2 systems and DVD Players made since 2000..<\/p>\n<p><strong> Jeff Beck &#8211; Smart Financial 2018 DVD<\/strong><\/p>\n","protected":false},"excerpt":{"rendered":"<p>Jeff Beck &#8211; Smart Financial 2018 DVD **Welcome to\u00a0RareRock Dvds\u00a0\u2013 Your Ultimate Destination for Rock &amp; Metal Music!** At RareRock Dvds, we live and breathe everything Music JEFF BECK 2018-07-24 Smart Financial Centre sugarland TX Stars Align Tour 2018 On tour with Paul Rodgers &amp; Ann Wilson. Jeff Beck &#8211; Lead Guitar Jimmy Hall &#8211;<\/p>\n","protected":false},"featured_media":22786,"comment_status":"closed","ping_status":"closed","template":"","meta":[],"product_brand":[],"product_cat":[158],"product_tag":[],"class_list":{"0":"post-22784","1":"product","2":"type-product","3":"status-publish","4":"has-post-thumbnail","6":"product_cat-classic-rock","8":"first","9":"instock","10":"sale","11":"taxable","12":"shipping-taxable","13":"purchasable","14":"product-type-simple"},"_links":{"self":[{"href":"https:\/\/rarerockdvds.com\/store\/wp-json\/wp\/v2\/product\/22784","targetHints":{"allow":["GET"]}}],"collection":[{"href":"https:\/\/rarerockdvds.com\/store\/wp-json\/wp\/v2\/product"}],"about":[{"href":"https:\/\/rarerockdvds.com\/store\/wp-json\/wp\/v2\/types\/product"}],"replies":[{"embeddable":true,"href":"https:\/\/rarerockdvds.com\/store\/wp-json\/wp\/v2\/comments?post=22784"}],"wp:featuredmedia":[{"embeddable":true,"href":"https:\/\/rarerockdvds.com\/store\/wp-json\/wp\/v2\/media\/22786"}],"wp:attachment":[{"href":"https:\/\/rarerockdvds.com\/store\/wp-json\/wp\/v2\/media?parent=22784"}],"wp:term":[{"taxonomy":"product_brand","embeddable":true,"href":"https:\/\/rarerockdvds.com\/store\/wp-json\/wp\/v2\/product_brand?post=22784"},{"taxonomy":"product_cat","embeddable":true,"href":"https:\/\/rarerockdvds.com\/store\/wp-json\/wp\/v2\/product_cat?post=22784"},{"taxonomy":"product_tag","embeddable":true,"href":"https:\/\/rarerockdvds.com\/store\/wp-json\/wp\/v2\/product_tag?post=22784"}],"curies":[{"name":"wp","href":"https:\/\/api.w.org\/{rel}","templated":true}]}}